{"id":31400,"date":"2025-07-21T15:15:13","date_gmt":"2025-07-21T13:15:13","guid":{"rendered":"https:\/\/garage-rustbeltauto.com\/?post_type=product&#038;p=31400"},"modified":"2025-07-21T15:15:19","modified_gmt":"2025-07-21T13:15:19","slug":"bmw-x4-20d-xdrive-m-sport-diesel-190-cv-2016","status":"publish","type":"product","link":"https:\/\/garage-rustbeltauto.com\/index.php\/product\/bmw-x4-20d-xdrive-m-sport-diesel-190-cv-2016\/","title":{"rendered":"BMW X4 20D XDRIVE M-SPORT DIESEL 190 CV- 2016"},"content":{"rendered":"<p>BMW X4 20D XDRIVE\u00a0 M-SPORT<br \/>\nAnn\u00e9e : 2016<br \/>\nKilom\u00e9trage : 100.000 KM<br \/>\nPuissance Fiscale : 190 CH<br \/>\nBoite de Vitesse : AUTOMATIQUE<br \/>\nCarburant : DIESEL \u26fd\ufe0f<\/p>\n<p>TOIT OUVRANT\u00a0 T\u00c9L\u00c9 CAM\u00c9RA\u00a0 CHAUFFAGE ARRI\u00c8RE<\/p>\n<p>\u200eABS<br \/>\n\u200eAccoudoir<br \/>\n\u200eAirbags frontaux et lat\u00e9raux et autres<br \/>\n\u200eAlerte de franchissement involontaire de ligne<br \/>\n\u200eAntid\u00e9marrage<br \/>\n\u200eAssistance au freinage d&rsquo;urgence<br \/>\n\u200eAssistance de d\u00e9marrage en c\u00f4te<br \/>\n\u200eBo\u00eete de vitesses robotis\u00e9e<br \/>\n\u200eCapteur de lumi\u00e8re<br \/>\n\u200eCapteur de pluie<br \/>\n\u200eCarnet d&rsquo;entretien<br \/>\n\u200eChargement par induction pour smartphones<br \/>\n\u200eClimatisation automatique bizone<br \/>\n\u200eCockpit num\u00e9rique<br \/>\n\u200eCommande vocale<br \/>\n\u200eContr\u00f4le automatique de la pression des pneus<br \/>\n\u200e filtre \u00e0 particules<br \/>\n\u200eDirection assist\u00e9e<\/p>\n","protected":false},"excerpt":{"rendered":"<p>BMW X4 20D XDRIVE\u00a0 M-SPORT<br \/>\nAnn\u00e9e : 2016<br \/>\nKilom\u00e9trage : 100.000 KM<br \/>\nPuissance Fiscale : 190 CH<br \/>\nBoite de Vitesse : AUTOMATIQUE<br \/>\nCarburant : DIESEL \u26fd\ufe0f<\/p>\n","protected":false},"featured_media":31401,"comment_status":"open","ping_status":"closed","template":"","meta":[],"product_brand":[],"product_cat":[81],"product_tag":[],"class_list":{"0":"post-31400","1":"product","2":"type-product","3":"status-publish","4":"has-post-thumbnail","6":"product_cat-bmw","8":"first","9":"instock","10":"shipping-taxable","11":"purchasable","12":"product-type-simple"},"_links":{"self":[{"href":"https:\/\/garage-rustbeltauto.com\/index.php\/wp-json\/wp\/v2\/product\/31400","targetHints":{"allow":["GET"]}}],"collection":[{"href":"https:\/\/garage-rustbeltauto.com\/index.php\/wp-json\/wp\/v2\/product"}],"about":[{"href":"https:\/\/garage-rustbeltauto.com\/index.php\/wp-json\/wp\/v2\/types\/product"}],"replies":[{"embeddable":true,"href":"https:\/\/garage-rustbeltauto.com\/index.php\/wp-json\/wp\/v2\/comments?post=31400"}],"version-history":[{"count":1,"href":"https:\/\/garage-rustbeltauto.com\/index.php\/wp-json\/wp\/v2\/product\/31400\/revisions"}],"predecessor-version":[{"id":31431,"href":"https:\/\/garage-rustbeltauto.com\/index.php\/wp-json\/wp\/v2\/product\/31400\/revisions\/31431"}],"wp:featuredmedia":[{"embeddable":true,"href":"https:\/\/garage-rustbeltauto.com\/index.php\/wp-json\/wp\/v2\/media\/31401"}],"wp:attachment":[{"href":"https:\/\/garage-rustbeltauto.com\/index.php\/wp-json\/wp\/v2\/media?parent=31400"}],"wp:term":[{"taxonomy":"product_brand","embeddable":true,"href":"https:\/\/garage-rustbeltauto.com\/index.php\/wp-json\/wp\/v2\/product_brand?post=31400"},{"taxonomy":"product_cat","embeddable":true,"href":"https:\/\/garage-rustbeltauto.com\/index.php\/wp-json\/wp\/v2\/product_cat?post=31400"},{"taxonomy":"product_tag","embeddable":true,"href":"https:\/\/garage-rustbeltauto.com\/index.php\/wp-json\/wp\/v2\/product_tag?post=31400"}],"curies":[{"name":"wp","href":"https:\/\/api.w.org\/{rel}","templated":true}]}}