{"id":30663,"date":"2025-05-27T09:15:55","date_gmt":"2025-05-27T07:15:55","guid":{"rendered":"https:\/\/garage-rustbeltauto.com\/?post_type=product&#038;p=30663"},"modified":"2025-06-13T00:10:37","modified_gmt":"2025-06-12T22:10:37","slug":"mitsubishi-l200","status":"publish","type":"product","link":"https:\/\/garage-rustbeltauto.com\/index.php\/product\/mitsubishi-l200\/","title":{"rendered":"Mitsubishi L200"},"content":{"rendered":"<blockquote><p><img fetchpriority=\"high\" decoding=\"async\" class=\"alignnone size-medium wp-image-14404\" src=\"http:\/\/import-allemand.com\/wp-content\/uploads\/2022\/09\/A09CDE39-F396-4B9D-9CA2-439FAB84FFBC-300x200.jpeg\" alt=\"\" width=\"300\" height=\"200\" \/><br \/>\n<strong>Mitsubishi L200<\/strong><br \/>\n<strong>2,3D\/Double-cabine\/Instyle+\/360\/Dab\/Krok\/Plantrekk<\/strong><\/p>\n<p><strong>Caract\u00e9ristiques principales :<\/strong><\/p>\n<p><strong>&#8211; Ann\u00e9e mod\u00e8le : 04\/2021<\/strong><br \/>\n<strong>&#8211; Kilom\u00e8tre : 22 000 km (certifi\u00e9) <\/strong><br \/>\n<strong>&#8211; Bo\u00eete de vitesses : Automatique <\/strong><br \/>\n<strong>&#8211; Carburant : Diesel<\/strong><br \/>\n<strong>&#8211; Nombre de places : 5 places<\/strong><br \/>\n<strong>&#8211; Puissance : 150 CV <\/strong><br \/>\n<strong>&#8211; Volume du cylindre: 2,3 litres <\/strong><br \/>\n<strong>&#8211; Transmission : Quatre roues motrices<\/strong><br \/>\n<strong>&#8211; Les photos sont contractuelles<\/strong><\/p><\/blockquote>\n","protected":false},"excerpt":{"rendered":"<p>Mitsubishi L200 2,3D\/Double-cabine\/Instyle+\/360\/Dab\/Krok\/Plantrekk Caract\u00e9ristiques principales : &#8211; Ann\u00e9e mod\u00e8le : 04\/2021 &#8211; Kilom\u00e8tre : 22 000 km (certifi\u00e9) &#8211; Bo\u00eete<\/p>\n","protected":false},"featured_media":30665,"comment_status":"open","ping_status":"closed","template":"","meta":[],"product_brand":[],"product_cat":[91],"product_tag":[],"class_list":{"0":"post-30663","1":"product","2":"type-product","3":"status-publish","4":"has-post-thumbnail","6":"product_cat-mitsubishi","8":"first","9":"instock","10":"shipping-taxable","11":"purchasable","12":"product-type-simple"},"_links":{"self":[{"href":"https:\/\/garage-rustbeltauto.com\/index.php\/wp-json\/wp\/v2\/product\/30663","targetHints":{"allow":["GET"]}}],"collection":[{"href":"https:\/\/garage-rustbeltauto.com\/index.php\/wp-json\/wp\/v2\/product"}],"about":[{"href":"https:\/\/garage-rustbeltauto.com\/index.php\/wp-json\/wp\/v2\/types\/product"}],"replies":[{"embeddable":true,"href":"https:\/\/garage-rustbeltauto.com\/index.php\/wp-json\/wp\/v2\/comments?post=30663"}],"version-history":[{"count":1,"href":"https:\/\/garage-rustbeltauto.com\/index.php\/wp-json\/wp\/v2\/product\/30663\/revisions"}],"predecessor-version":[{"id":30666,"href":"https:\/\/garage-rustbeltauto.com\/index.php\/wp-json\/wp\/v2\/product\/30663\/revisions\/30666"}],"wp:featuredmedia":[{"embeddable":true,"href":"https:\/\/garage-rustbeltauto.com\/index.php\/wp-json\/wp\/v2\/media\/30665"}],"wp:attachment":[{"href":"https:\/\/garage-rustbeltauto.com\/index.php\/wp-json\/wp\/v2\/media?parent=30663"}],"wp:term":[{"taxonomy":"product_brand","embeddable":true,"href":"https:\/\/garage-rustbeltauto.com\/index.php\/wp-json\/wp\/v2\/product_brand?post=30663"},{"taxonomy":"product_cat","embeddable":true,"href":"https:\/\/garage-rustbeltauto.com\/index.php\/wp-json\/wp\/v2\/product_cat?post=30663"},{"taxonomy":"product_tag","embeddable":true,"href":"https:\/\/garage-rustbeltauto.com\/index.php\/wp-json\/wp\/v2\/product_tag?post=30663"}],"curies":[{"name":"wp","href":"https:\/\/api.w.org\/{rel}","templated":true}]}}