{"id":30575,"date":"2025-05-27T04:47:04","date_gmt":"2025-05-27T02:47:04","guid":{"rendered":"https:\/\/garage-rustbeltauto.com\/?post_type=product&#038;p=30575"},"modified":"2025-05-27T18:09:11","modified_gmt":"2025-05-27T16:09:11","slug":"fiat-500l-trekking-13-multijet-85-startstop-dua-kombi-family","status":"publish","type":"product","link":"https:\/\/garage-rustbeltauto.com\/index.php\/product\/fiat-500l-trekking-13-multijet-85-startstop-dua-kombi-family\/","title":{"rendered":"Fiat 500L Trekking 1,3 Multijet || 85 Start&#038;Stop Dua&#8230; Kombi \/ Family"},"content":{"rendered":"<p>Informations cl\u00e9s;<\/p>\n<p>Premi\u00e8re inscription : 2014<\/p>\n<p>\u00c9nergie : Diesel<\/p>\n<p>Kilom\u00e9trage : 115.500 km (certifi\u00e9)<\/p>\n<p>Puissance : \/ 84 Ch<\/p>\n<p>Bo\u00eete : Automatique<\/p>\n<p>Garantie: 24 mois<\/p>\n","protected":false},"excerpt":{"rendered":"<p>Informations cl\u00e9s; Premi\u00e8re inscription : 2014 \u00c9nergie : Diesel Kilom\u00e9trage : 115.500 km (certifi\u00e9) Puissance : \/ 84 Ch Bo\u00eete<\/p>\n","protected":false},"featured_media":30715,"comment_status":"open","ping_status":"closed","template":"","meta":[],"product_brand":[],"product_cat":[89],"product_tag":[],"class_list":{"0":"post-30575","1":"product","2":"type-product","3":"status-publish","4":"has-post-thumbnail","6":"product_cat-fiat","8":"first","9":"instock","10":"shipping-taxable","11":"purchasable","12":"product-type-simple"},"_links":{"self":[{"href":"https:\/\/garage-rustbeltauto.com\/index.php\/wp-json\/wp\/v2\/product\/30575","targetHints":{"allow":["GET"]}}],"collection":[{"href":"https:\/\/garage-rustbeltauto.com\/index.php\/wp-json\/wp\/v2\/product"}],"about":[{"href":"https:\/\/garage-rustbeltauto.com\/index.php\/wp-json\/wp\/v2\/types\/product"}],"replies":[{"embeddable":true,"href":"https:\/\/garage-rustbeltauto.com\/index.php\/wp-json\/wp\/v2\/comments?post=30575"}],"version-history":[{"count":1,"href":"https:\/\/garage-rustbeltauto.com\/index.php\/wp-json\/wp\/v2\/product\/30575\/revisions"}],"predecessor-version":[{"id":30716,"href":"https:\/\/garage-rustbeltauto.com\/index.php\/wp-json\/wp\/v2\/product\/30575\/revisions\/30716"}],"wp:featuredmedia":[{"embeddable":true,"href":"https:\/\/garage-rustbeltauto.com\/index.php\/wp-json\/wp\/v2\/media\/30715"}],"wp:attachment":[{"href":"https:\/\/garage-rustbeltauto.com\/index.php\/wp-json\/wp\/v2\/media?parent=30575"}],"wp:term":[{"taxonomy":"product_brand","embeddable":true,"href":"https:\/\/garage-rustbeltauto.com\/index.php\/wp-json\/wp\/v2\/product_brand?post=30575"},{"taxonomy":"product_cat","embeddable":true,"href":"https:\/\/garage-rustbeltauto.com\/index.php\/wp-json\/wp\/v2\/product_cat?post=30575"},{"taxonomy":"product_tag","embeddable":true,"href":"https:\/\/garage-rustbeltauto.com\/index.php\/wp-json\/wp\/v2\/product_tag?post=30575"}],"curies":[{"name":"wp","href":"https:\/\/api.w.org\/{rel}","templated":true}]}}