{"id":29148,"date":"2025-05-17T01:29:56","date_gmt":"2025-05-16T23:29:56","guid":{"rendered":"https:\/\/garage-rustbeltauto.com\/?post_type=product&#038;p=29148"},"modified":"2025-05-17T01:45:29","modified_gmt":"2025-05-16T23:45:29","slug":"bmw-m3","status":"publish","type":"product","link":"https:\/\/garage-rustbeltauto.com\/index.php\/product\/bmw-m3\/","title":{"rendered":"BMW M3"},"content":{"rendered":"<p><a href=\"http:\/\/import-allemand.com\/wp-content\/uploads\/2022\/05\/7158C792-7C2F-4070-A45B-F9BFCB4F4E51.jpeg\">PRIX : 26000\u20ac<br \/>\nBMW M3 Individual Harman\/HUD\/NaviPro 431ch<br \/>\nAnn\u00e9e : 2015<br \/>\nKilom\u00e9trage: 60000 (Certifi\u00e9)<br \/>\n\u00c9nergie : Essence \u26fd\ufe0f<br \/>\nBo\u00eete de vitesse : Automatique<br \/>\nGarantie: 12 mois<img fetchpriority=\"high\" decoding=\"async\" class=\"alignright size-medium wp-image-2163\" src=\"http:\/\/import-allemand.com\/wp-content\/uploads\/2022\/05\/7158C792-7C2F-4070-A45B-F9BFCB4F4E51-300x225.jpeg\" alt=\"\" width=\"300\" height=\"225\" \/><\/a><\/p>\n","protected":false},"excerpt":{"rendered":"<p>PRIX : 26000\u20ac BMW M3 Individual Harman\/HUD\/NaviPro 431ch Ann\u00e9e : 2015 Kilom\u00e9trage: 60000 (Certifi\u00e9) \u00c9nergie : Essence \u26fd\ufe0f Bo\u00eete de<\/p>\n","protected":false},"featured_media":29473,"comment_status":"open","ping_status":"closed","template":"","meta":[],"product_brand":[],"product_cat":[81],"product_tag":[],"class_list":{"0":"post-29148","1":"product","2":"type-product","3":"status-publish","4":"has-post-thumbnail","6":"product_cat-bmw","8":"first","9":"instock","10":"sale","11":"shipping-taxable","12":"purchasable","13":"product-type-simple"},"_links":{"self":[{"href":"https:\/\/garage-rustbeltauto.com\/index.php\/wp-json\/wp\/v2\/product\/29148","targetHints":{"allow":["GET"]}}],"collection":[{"href":"https:\/\/garage-rustbeltauto.com\/index.php\/wp-json\/wp\/v2\/product"}],"about":[{"href":"https:\/\/garage-rustbeltauto.com\/index.php\/wp-json\/wp\/v2\/types\/product"}],"replies":[{"embeddable":true,"href":"https:\/\/garage-rustbeltauto.com\/index.php\/wp-json\/wp\/v2\/comments?post=29148"}],"version-history":[{"count":1,"href":"https:\/\/garage-rustbeltauto.com\/index.php\/wp-json\/wp\/v2\/product\/29148\/revisions"}],"predecessor-version":[{"id":29474,"href":"https:\/\/garage-rustbeltauto.com\/index.php\/wp-json\/wp\/v2\/product\/29148\/revisions\/29474"}],"wp:featuredmedia":[{"embeddable":true,"href":"https:\/\/garage-rustbeltauto.com\/index.php\/wp-json\/wp\/v2\/media\/29473"}],"wp:attachment":[{"href":"https:\/\/garage-rustbeltauto.com\/index.php\/wp-json\/wp\/v2\/media?parent=29148"}],"wp:term":[{"taxonomy":"product_brand","embeddable":true,"href":"https:\/\/garage-rustbeltauto.com\/index.php\/wp-json\/wp\/v2\/product_brand?post=29148"},{"taxonomy":"product_cat","embeddable":true,"href":"https:\/\/garage-rustbeltauto.com\/index.php\/wp-json\/wp\/v2\/product_cat?post=29148"},{"taxonomy":"product_tag","embeddable":true,"href":"https:\/\/garage-rustbeltauto.com\/index.php\/wp-json\/wp\/v2\/product_tag?post=29148"}],"curies":[{"name":"wp","href":"https:\/\/api.w.org\/{rel}","templated":true}]}}