{"id":29145,"date":"2025-05-17T01:29:54","date_gmt":"2025-05-16T23:29:54","guid":{"rendered":"https:\/\/garage-rustbeltauto.com\/?post_type=product&#038;p=29145"},"modified":"2025-05-17T01:42:04","modified_gmt":"2025-05-16T23:42:04","slug":"bmw-serie-1-3","status":"publish","type":"product","link":"https:\/\/garage-rustbeltauto.com\/index.php\/product\/bmw-serie-1-3\/","title":{"rendered":"BMW s\u00e9rie 1"},"content":{"rendered":"<p style=\"text-align: left;\"><a href=\"http:\/\/import-allemand.com\/wp-content\/uploads\/2022\/05\/C1D01A82-F926-4C3A-9E43-877465A0560E.jpeg\"><img fetchpriority=\"high\" decoding=\"async\" class=\"alignright size-medium wp-image-1800\" src=\"http:\/\/import-allemand.com\/wp-content\/uploads\/2022\/05\/C1D01A82-F926-4C3A-9E43-877465A0560E-300x225.jpeg\" alt=\"\" width=\"300\" height=\"225\" \/><\/a>BMW S\u00e9rie 1<br \/>\n118i aut | DEL | CRUISE | SI\u00c8GES SPORT | KROK |<\/p>\n<p>Ann\u00e9e mod\u00e8le : 2020 \/ Kilom\u00e8tre : 40 735 KM ( certifi\u00e9) \/ Bo\u00eete de vitesses : Automatique \/ Carburant : Essence \/ Puissance : 140 CV \/<br \/>\nVolume du cylindre: 1,5 l\/ Emissions de CO2: 147g\/km\/ Couleur: Blanc \/ Roue motrice : Traction avant<\/p>\n","protected":false},"excerpt":{"rendered":"<p>BMW S\u00e9rie 1 118i aut | DEL | CRUISE | SI\u00c8GES SPORT | KROK | Ann\u00e9e mod\u00e8le : 2020 \/<\/p>\n","protected":false},"featured_media":29404,"comment_status":"open","ping_status":"closed","template":"","meta":[],"product_brand":[],"product_cat":[81],"product_tag":[],"class_list":{"0":"post-29145","1":"product","2":"type-product","3":"status-publish","4":"has-post-thumbnail","6":"product_cat-bmw","8":"first","9":"instock","10":"sale","11":"shipping-taxable","12":"purchasable","13":"product-type-simple"},"_links":{"self":[{"href":"https:\/\/garage-rustbeltauto.com\/index.php\/wp-json\/wp\/v2\/product\/29145","targetHints":{"allow":["GET"]}}],"collection":[{"href":"https:\/\/garage-rustbeltauto.com\/index.php\/wp-json\/wp\/v2\/product"}],"about":[{"href":"https:\/\/garage-rustbeltauto.com\/index.php\/wp-json\/wp\/v2\/types\/product"}],"replies":[{"embeddable":true,"href":"https:\/\/garage-rustbeltauto.com\/index.php\/wp-json\/wp\/v2\/comments?post=29145"}],"version-history":[{"count":1,"href":"https:\/\/garage-rustbeltauto.com\/index.php\/wp-json\/wp\/v2\/product\/29145\/revisions"}],"predecessor-version":[{"id":29405,"href":"https:\/\/garage-rustbeltauto.com\/index.php\/wp-json\/wp\/v2\/product\/29145\/revisions\/29405"}],"wp:featuredmedia":[{"embeddable":true,"href":"https:\/\/garage-rustbeltauto.com\/index.php\/wp-json\/wp\/v2\/media\/29404"}],"wp:attachment":[{"href":"https:\/\/garage-rustbeltauto.com\/index.php\/wp-json\/wp\/v2\/media?parent=29145"}],"wp:term":[{"taxonomy":"product_brand","embeddable":true,"href":"https:\/\/garage-rustbeltauto.com\/index.php\/wp-json\/wp\/v2\/product_brand?post=29145"},{"taxonomy":"product_cat","embeddable":true,"href":"https:\/\/garage-rustbeltauto.com\/index.php\/wp-json\/wp\/v2\/product_cat?post=29145"},{"taxonomy":"product_tag","embeddable":true,"href":"https:\/\/garage-rustbeltauto.com\/index.php\/wp-json\/wp\/v2\/product_tag?post=29145"}],"curies":[{"name":"wp","href":"https:\/\/api.w.org\/{rel}","templated":true}]}}