{"id":29144,"date":"2025-05-17T01:29:54","date_gmt":"2025-05-16T23:29:54","guid":{"rendered":"https:\/\/garage-rustbeltauto.com\/?post_type=product&#038;p=29144"},"modified":"2025-05-17T01:40:57","modified_gmt":"2025-05-16T23:40:57","slug":"bmw-serie-3","status":"publish","type":"product","link":"https:\/\/garage-rustbeltauto.com\/index.php\/product\/bmw-serie-3\/","title":{"rendered":"BMW s\u00e9rie 3"},"content":{"rendered":"<p><a href=\"http:\/\/import-allemand.com\/wp-content\/uploads\/2022\/05\/84E042E0-D037-4D15-B8AA-4183AF354815.jpeg\"><img fetchpriority=\"high\" decoding=\"async\" class=\"alignright size-medium wp-image-1779\" src=\"http:\/\/import-allemand.com\/wp-content\/uploads\/2022\/05\/84E042E0-D037-4D15-B8AA-4183AF354815-300x207.jpeg\" alt=\"\" width=\"300\" height=\"207\" \/><\/a>BMW S\u00e9rie 3 GT<br \/>\nM-Sport 320da 190cv X-Drive Pano Cuir<\/p>\n<p>Ann\u00e9e mod\u00e8le : 2017 \/ Kilom\u00e8tre : 121 000 KM ( certifi\u00e9) \/ Bo\u00eete de vitesses : Automatique \/ Carburant : Diesel \/ Puissance : 190 CV \/<br \/>\nVolume du cylindre: 2 l \/Emissions de CO2: 126g\/km\/ Couleur: Argent \/ Roue motrice : Quatre roues motrices<\/p>\n","protected":false},"excerpt":{"rendered":"<p>BMW S\u00e9rie 3 GT M-Sport 320da 190cv X-Drive Pano Cuir Ann\u00e9e mod\u00e8le : 2017 \/ Kilom\u00e8tre : 121 000 KM<\/p>\n","protected":false},"featured_media":29384,"comment_status":"open","ping_status":"closed","template":"","meta":[],"product_brand":[],"product_cat":[81],"product_tag":[],"class_list":{"0":"post-29144","1":"product","2":"type-product","3":"status-publish","4":"has-post-thumbnail","6":"product_cat-bmw","8":"first","9":"instock","10":"sale","11":"shipping-taxable","12":"purchasable","13":"product-type-simple"},"_links":{"self":[{"href":"https:\/\/garage-rustbeltauto.com\/index.php\/wp-json\/wp\/v2\/product\/29144","targetHints":{"allow":["GET"]}}],"collection":[{"href":"https:\/\/garage-rustbeltauto.com\/index.php\/wp-json\/wp\/v2\/product"}],"about":[{"href":"https:\/\/garage-rustbeltauto.com\/index.php\/wp-json\/wp\/v2\/types\/product"}],"replies":[{"embeddable":true,"href":"https:\/\/garage-rustbeltauto.com\/index.php\/wp-json\/wp\/v2\/comments?post=29144"}],"version-history":[{"count":1,"href":"https:\/\/garage-rustbeltauto.com\/index.php\/wp-json\/wp\/v2\/product\/29144\/revisions"}],"predecessor-version":[{"id":29385,"href":"https:\/\/garage-rustbeltauto.com\/index.php\/wp-json\/wp\/v2\/product\/29144\/revisions\/29385"}],"wp:featuredmedia":[{"embeddable":true,"href":"https:\/\/garage-rustbeltauto.com\/index.php\/wp-json\/wp\/v2\/media\/29384"}],"wp:attachment":[{"href":"https:\/\/garage-rustbeltauto.com\/index.php\/wp-json\/wp\/v2\/media?parent=29144"}],"wp:term":[{"taxonomy":"product_brand","embeddable":true,"href":"https:\/\/garage-rustbeltauto.com\/index.php\/wp-json\/wp\/v2\/product_brand?post=29144"},{"taxonomy":"product_cat","embeddable":true,"href":"https:\/\/garage-rustbeltauto.com\/index.php\/wp-json\/wp\/v2\/product_cat?post=29144"},{"taxonomy":"product_tag","embeddable":true,"href":"https:\/\/garage-rustbeltauto.com\/index.php\/wp-json\/wp\/v2\/product_tag?post=29144"}],"curies":[{"name":"wp","href":"https:\/\/api.w.org\/{rel}","templated":true}]}}