{"id":29143,"date":"2025-05-17T01:29:54","date_gmt":"2025-05-16T23:29:54","guid":{"rendered":"https:\/\/garage-rustbeltauto.com\/?post_type=product&#038;p=29143"},"modified":"2025-05-17T01:39:51","modified_gmt":"2025-05-16T23:39:51","slug":"bmw-serie-1-2","status":"publish","type":"product","link":"https:\/\/garage-rustbeltauto.com\/index.php\/product\/bmw-serie-1-2\/","title":{"rendered":"BMW s\u00e9rie 1"},"content":{"rendered":"<p><a href=\"http:\/\/import-allemand.com\/wp-content\/uploads\/2022\/05\/DA175718-DB9A-48A7-8560-6F46B1C93220.jpeg\"><img fetchpriority=\"high\" decoding=\"async\" class=\"alignright size-medium wp-image-1574\" src=\"http:\/\/import-allemand.com\/wp-content\/uploads\/2022\/05\/DA175718-DB9A-48A7-8560-6F46B1C93220-300x213.jpeg\" alt=\"\" width=\"300\" height=\"213\" \/><\/a>BMW 1-serie 116d 2.0D AUTOMATIQUE T\u2019oit ouvrant<br \/>\n2012| 112.000Km| Boite Auto| Diesel| 116 CH<\/p>\n<p>\u00c9QUIPEMENTS ET OPTIONS<\/p>\n<p>Freins ABS<br \/>\nEntr\u00e9e auxiliaire<br \/>\nClimatisation<br \/>\nAirbag avant<br \/>\nAlarme<br \/>\nAnticrens<br \/>\nAnti-spin<br \/>\nHousses de coffre<br \/>\nBluetooth<br \/>\nLecteur de CD<br \/>\nR\u00e9gulateur de vitesse<br \/>\nFiltre \u00e0 particules diesel<br \/>\nDiff.block<br \/>\nVitres \u00e9lectriques<br \/>\nSi\u00e8ge \u00e9lectrique avec m\u00e9moire<br \/>\nMiroirs \u00e9lectriques<br \/>\nAssistant de feux de route<br \/>\nSyst\u00e8me de r\u00e9cup\u00e9ration<br \/>\nPneus toute l\u2019ann\u00e9e<br \/>\nIsofix<br \/>\nOrdinateur de conduite<br \/>\nClimatisation<br \/>\nLumi\u00e8res LED<br \/>\nAll\u00e9g\u00e9. jante \u00e9t\u00e9<br \/>\nAll\u00e9g\u00e9. jante hiver<br \/>\nVernis m\u00e9tallique<br \/>\nAccoudoirs du milieu<br \/>\nVolant multifonction<br \/>\nVolets sombres derri\u00e8re<br \/>\nNavigation<br \/>\nD\u00e9marrage sans cl\u00e9<br \/>\nSi\u00e8ges chauffants<br \/>\nRadio FM<br \/>\nCapteur de pluie<br \/>\nVerrouillage centralis\u00e9<br \/>\nDirection assist\u00e9e<br \/>\nSi\u00e8ges enti\u00e8rement en cuir<br \/>\nSacs lat\u00e9raux<br \/>\nToit ouvrant\/toit en verre<br \/>\nRoues d\u2019\u00e9t\u00e9<br \/>\nSi\u00e8ges sport<br \/>\nImmobilisateur<br \/>\nRoues d\u2019hiver<br \/>\nLumi\u00e8res au x\u00e9non<\/p>\n","protected":false},"excerpt":{"rendered":"<p>BMW 1-serie 116d 2.0D AUTOMATIQUE T\u2019oit ouvrant 2012| 112.000Km| Boite Auto| Diesel| 116 CH \u00c9QUIPEMENTS ET OPTIONS Freins ABS Entr\u00e9e<\/p>\n","protected":false},"featured_media":29371,"comment_status":"open","ping_status":"closed","template":"","meta":[],"product_brand":[],"product_cat":[81],"product_tag":[],"class_list":{"0":"post-29143","1":"product","2":"type-product","3":"status-publish","4":"has-post-thumbnail","6":"product_cat-bmw","8":"first","9":"instock","10":"sale","11":"shipping-taxable","12":"purchasable","13":"product-type-simple"},"_links":{"self":[{"href":"https:\/\/garage-rustbeltauto.com\/index.php\/wp-json\/wp\/v2\/product\/29143","targetHints":{"allow":["GET"]}}],"collection":[{"href":"https:\/\/garage-rustbeltauto.com\/index.php\/wp-json\/wp\/v2\/product"}],"about":[{"href":"https:\/\/garage-rustbeltauto.com\/index.php\/wp-json\/wp\/v2\/types\/product"}],"replies":[{"embeddable":true,"href":"https:\/\/garage-rustbeltauto.com\/index.php\/wp-json\/wp\/v2\/comments?post=29143"}],"version-history":[{"count":1,"href":"https:\/\/garage-rustbeltauto.com\/index.php\/wp-json\/wp\/v2\/product\/29143\/revisions"}],"predecessor-version":[{"id":29372,"href":"https:\/\/garage-rustbeltauto.com\/index.php\/wp-json\/wp\/v2\/product\/29143\/revisions\/29372"}],"wp:featuredmedia":[{"embeddable":true,"href":"https:\/\/garage-rustbeltauto.com\/index.php\/wp-json\/wp\/v2\/media\/29371"}],"wp:attachment":[{"href":"https:\/\/garage-rustbeltauto.com\/index.php\/wp-json\/wp\/v2\/media?parent=29143"}],"wp:term":[{"taxonomy":"product_brand","embeddable":true,"href":"https:\/\/garage-rustbeltauto.com\/index.php\/wp-json\/wp\/v2\/product_brand?post=29143"},{"taxonomy":"product_cat","embeddable":true,"href":"https:\/\/garage-rustbeltauto.com\/index.php\/wp-json\/wp\/v2\/product_cat?post=29143"},{"taxonomy":"product_tag","embeddable":true,"href":"https:\/\/garage-rustbeltauto.com\/index.php\/wp-json\/wp\/v2\/product_tag?post=29143"}],"curies":[{"name":"wp","href":"https:\/\/api.w.org\/{rel}","templated":true}]}}