{"id":26093,"date":"2025-05-13T07:31:57","date_gmt":"2025-05-13T05:31:57","guid":{"rendered":"https:\/\/garage-rustbeltauto.com\/?post_type=product&#038;p=26093"},"modified":"2025-05-13T07:47:53","modified_gmt":"2025-05-13T05:47:53","slug":"volkswagen-tiguan-2-0","status":"publish","type":"product","link":"https:\/\/garage-rustbeltauto.com\/index.php\/product\/volkswagen-tiguan-2-0\/","title":{"rendered":"Volkswagen Tiguan 2.0"},"content":{"rendered":"<p>Volkswagen Tiguan<\/p>\n<p>Volkswagen Tiguan 2.0\/ | 150 ch | 2018 | 88 000 km |<\/p>\n<p>DIESEL | AUTOMATIQUE<\/p>\n<p>GARANTIE : 24 MOIS<\/p>\n<p>Importation Allemande<\/p>\n<p>V\u00e9hicule disponible sur commande IMPORTATION<\/p>\n<p>ALLEMANDE vers tout pays Europ\u00e9ens<\/p>\n<p>\u00a0\u00bb GARANTIE EUROP\u00c9ENNE<\/p>\n<p>Nous nous occupons de toutes les d\u00e9marches d&rsquo;importation jusqu&rsquo;\u00e0 la livraison a votre domicile. D\u00e9lais de livraison 5 jours \/ D\u00e9lai de r\u00e9tractation 14 JOURS<\/p>\n<p>(Satisfait ou rembours\u00e9)<\/p>\n","protected":false},"excerpt":{"rendered":"<p>Volkswagen Tiguan Volkswagen Tiguan 2.0\/ | 150 ch | 2018 | 88 000 km | DIESEL | AUTOMATIQUE GARANTIE :<\/p>\n","protected":false},"featured_media":27148,"comment_status":"open","ping_status":"closed","template":"","meta":[],"product_brand":[],"product_cat":[78],"product_tag":[],"class_list":{"0":"post-26093","1":"product","2":"type-product","3":"status-publish","4":"has-post-thumbnail","6":"product_cat-volkwagen","8":"first","9":"instock","10":"sale","11":"shipping-taxable","12":"purchasable","13":"product-type-simple"},"_links":{"self":[{"href":"https:\/\/garage-rustbeltauto.com\/index.php\/wp-json\/wp\/v2\/product\/26093","targetHints":{"allow":["GET"]}}],"collection":[{"href":"https:\/\/garage-rustbeltauto.com\/index.php\/wp-json\/wp\/v2\/product"}],"about":[{"href":"https:\/\/garage-rustbeltauto.com\/index.php\/wp-json\/wp\/v2\/types\/product"}],"replies":[{"embeddable":true,"href":"https:\/\/garage-rustbeltauto.com\/index.php\/wp-json\/wp\/v2\/comments?post=26093"}],"version-history":[{"count":1,"href":"https:\/\/garage-rustbeltauto.com\/index.php\/wp-json\/wp\/v2\/product\/26093\/revisions"}],"predecessor-version":[{"id":27150,"href":"https:\/\/garage-rustbeltauto.com\/index.php\/wp-json\/wp\/v2\/product\/26093\/revisions\/27150"}],"wp:featuredmedia":[{"embeddable":true,"href":"https:\/\/garage-rustbeltauto.com\/index.php\/wp-json\/wp\/v2\/media\/27148"}],"wp:attachment":[{"href":"https:\/\/garage-rustbeltauto.com\/index.php\/wp-json\/wp\/v2\/media?parent=26093"}],"wp:term":[{"taxonomy":"product_brand","embeddable":true,"href":"https:\/\/garage-rustbeltauto.com\/index.php\/wp-json\/wp\/v2\/product_brand?post=26093"},{"taxonomy":"product_cat","embeddable":true,"href":"https:\/\/garage-rustbeltauto.com\/index.php\/wp-json\/wp\/v2\/product_cat?post=26093"},{"taxonomy":"product_tag","embeddable":true,"href":"https:\/\/garage-rustbeltauto.com\/index.php\/wp-json\/wp\/v2\/product_tag?post=26093"}],"curies":[{"name":"wp","href":"https:\/\/api.w.org\/{rel}","templated":true}]}}