{"id":24690,"date":"2025-05-08T22:24:15","date_gmt":"2025-05-08T20:24:15","guid":{"rendered":"https:\/\/garage-rustbeltauto.com\/?post_type=product&#038;p=24690"},"modified":"2025-05-08T22:28:38","modified_gmt":"2025-05-08T20:28:38","slug":"peugeot-e2008-allure","status":"publish","type":"product","link":"https:\/\/garage-rustbeltauto.com\/index.php\/product\/peugeot-e2008-allure\/","title":{"rendered":"Peugeot e2008 Allure"},"content":{"rendered":"<p>Peugeot e2008 Allure 136CV \/ 319KM WLPT<\/p>\n<p>Ann\u00e9e: 03\/2021<\/p>\n<p>Kilom\u00e9trage : 38.000 km certifi\u00e9<\/p>\n<p>Bo\u00eete de vitesse : Automatique<\/p>\n<p>Combustible : \u00c9lectricit\u00e9<\/p>\n<p>Puissance: 136 CV<\/p>\n<p>Autonomie (WLTP)<\/p>\n<p>319 km<\/p>\n<p>GARANTIE : 24 MOIS<\/p>\n<p>Importation Allemande F<\/p>\n<p>V\u00e9hicule disponible sur commande IMPORTATION<\/p>\n<p>ALLEMANDE vers tout pays Europ\u00e9ens<\/p>\n<p>\u00a0\u00bb GARANTIE EUROP\u00c9ENNE<\/p>\n","protected":false},"excerpt":{"rendered":"<p>Peugeot e2008 Allure 136CV \/ 319KM WLPT Ann\u00e9e: 03\/2021 Kilom\u00e9trage : 38.000 km certifi\u00e9 Bo\u00eete de vitesse : Automatique Combustible<\/p>\n","protected":false},"featured_media":25149,"comment_status":"open","ping_status":"closed","template":"","meta":[],"product_brand":[],"product_cat":[73],"product_tag":[],"class_list":{"0":"post-24690","1":"product","2":"type-product","3":"status-publish","4":"has-post-thumbnail","6":"product_cat-peugeot","8":"first","9":"instock","10":"sale","11":"shipping-taxable","12":"purchasable","13":"product-type-simple"},"_links":{"self":[{"href":"https:\/\/garage-rustbeltauto.com\/index.php\/wp-json\/wp\/v2\/product\/24690","targetHints":{"allow":["GET"]}}],"collection":[{"href":"https:\/\/garage-rustbeltauto.com\/index.php\/wp-json\/wp\/v2\/product"}],"about":[{"href":"https:\/\/garage-rustbeltauto.com\/index.php\/wp-json\/wp\/v2\/types\/product"}],"replies":[{"embeddable":true,"href":"https:\/\/garage-rustbeltauto.com\/index.php\/wp-json\/wp\/v2\/comments?post=24690"}],"version-history":[{"count":1,"href":"https:\/\/garage-rustbeltauto.com\/index.php\/wp-json\/wp\/v2\/product\/24690\/revisions"}],"predecessor-version":[{"id":25150,"href":"https:\/\/garage-rustbeltauto.com\/index.php\/wp-json\/wp\/v2\/product\/24690\/revisions\/25150"}],"wp:featuredmedia":[{"embeddable":true,"href":"https:\/\/garage-rustbeltauto.com\/index.php\/wp-json\/wp\/v2\/media\/25149"}],"wp:attachment":[{"href":"https:\/\/garage-rustbeltauto.com\/index.php\/wp-json\/wp\/v2\/media?parent=24690"}],"wp:term":[{"taxonomy":"product_brand","embeddable":true,"href":"https:\/\/garage-rustbeltauto.com\/index.php\/wp-json\/wp\/v2\/product_brand?post=24690"},{"taxonomy":"product_cat","embeddable":true,"href":"https:\/\/garage-rustbeltauto.com\/index.php\/wp-json\/wp\/v2\/product_cat?post=24690"},{"taxonomy":"product_tag","embeddable":true,"href":"https:\/\/garage-rustbeltauto.com\/index.php\/wp-json\/wp\/v2\/product_tag?post=24690"}],"curies":[{"name":"wp","href":"https:\/\/api.w.org\/{rel}","templated":true}]}}